{"id":627,"date":"2025-06-22T23:44:30","date_gmt":"2025-06-22T21:44:30","guid":{"rendered":"http:\/\/brydz.ananasy.eu\/?page_id=627"},"modified":"2025-06-22T23:45:07","modified_gmt":"2025-06-22T21:45:07","slug":"letni-cykl-turniejow-2025-klasyfikacja-generalna","status":"publish","type":"page","link":"http:\/\/brydz.ananasy.eu\/index.php\/wyniki\/letni-cykl-turniejow-2025-klasyfikacja-generalna\/","title":{"rendered":"Letni Cykl Turniej\u00f3w 2025 klasyfikacja generalna"},"content":{"rendered":"\n<table id=\"tablepress-13\" class=\"tablepress tablepress-id-13\">\n<thead>\n<tr class=\"row-1 odd\">\n\t<th class=\"column-1\">M-ce<\/th><th class=\"column-2\">Uczestnicy<\/th><th class=\"column-3\">PDF<\/th>\n<\/tr>\n<\/thead>\n<tbody class=\"row-hover\">\n<tr class=\"row-2 even\">\n\t<td class=\"column-1\">1<\/td><td class=\"column-2\">Andrzej Wiercho\u0142a<\/td><td class=\"column-3\">37<\/td>\n<\/tr>\n<tr class=\"row-3 odd\">\n\t<td class=\"column-1\">2<\/td><td class=\"column-2\">Miko\u0142aj Ko\u0142odzi\u0144ski<\/td><td class=\"column-3\">35<\/td>\n<\/tr>\n<tr class=\"row-4 even\">\n\t<td class=\"column-1\">3<\/td><td class=\"column-2\">Igor Doraczy\u0144ski<\/td><td class=\"column-3\">31<\/td>\n<\/tr>\n<tr class=\"row-5 odd\">\n\t<td class=\"column-1\">4<\/td><td class=\"column-2\">Blanka Ko\u0142odzi\u0144ska<\/td><td class=\"column-3\">30<\/td>\n<\/tr>\n<tr class=\"row-6 even\">\n\t<td class=\"column-1\">5<\/td><td class=\"column-2\">Stanis\u0142aw Hanc<\/td><td class=\"column-3\">28<\/td>\n<\/tr>\n<tr class=\"row-7 odd\">\n\t<td class=\"column-1\">6<\/td><td class=\"column-2\">Wiktoria Pastuszka<\/td><td class=\"column-3\">25<\/td>\n<\/tr>\n<tr class=\"row-8 even\">\n\t<td class=\"column-1\">7<\/td><td class=\"column-2\">Maja Weso\u0142owska<\/td><td class=\"column-3\">24<\/td>\n<\/tr>\n<tr class=\"row-9 odd\">\n\t<td class=\"column-1\">8<\/td><td class=\"column-2\">Marek Ka\u0142aska<\/td><td class=\"column-3\">20<\/td>\n<\/tr>\n<tr class=\"row-10 even\">\n\t<td class=\"column-1\">8<\/td><td class=\"column-2\">Pawe\u0142 Zacharski<\/td><td class=\"column-3\">20<\/td>\n<\/tr>\n<tr class=\"row-11 odd\">\n\t<td class=\"column-1\">10<\/td><td class=\"column-2\">Antoni Michalczyk<\/td><td class=\"column-3\">19<\/td>\n<\/tr>\n<tr class=\"row-12 even\">\n\t<td class=\"column-1\">11<\/td><td class=\"column-2\">Hanna Ska\u0142ecka<\/td><td class=\"column-3\">14<\/td>\n<\/tr>\n<tr class=\"row-13 odd\">\n\t<td class=\"column-1\">12<\/td><td class=\"column-2\">Aleksandra Zakrzewska<\/td><td class=\"column-3\">13<\/td>\n<\/tr>\n<tr class=\"row-14 even\">\n\t<td class=\"column-1\">12<\/td><td class=\"column-2\">Aniela Szyba<\/td><td class=\"column-3\">13<\/td>\n<\/tr>\n<tr class=\"row-15 odd\">\n\t<td class=\"column-1\">12<\/td><td class=\"column-2\">Eva Naumenko<\/td><td class=\"column-3\">13<\/td>\n<\/tr>\n<tr class=\"row-16 even\">\n\t<td class=\"column-1\">15<\/td><td class=\"column-2\">Liana Kesar<\/td><td class=\"column-3\">12<\/td>\n<\/tr>\n<tr class=\"row-17 odd\">\n\t<td class=\"column-1\">16<\/td><td class=\"column-2\">Adam Nowosad<\/td><td class=\"column-3\">10<\/td>\n<\/tr>\n<tr class=\"row-18 even\">\n\t<td class=\"column-1\">16<\/td><td class=\"column-2\">Marcin Dudkowski<\/td><td class=\"column-3\">10<\/td>\n<\/tr>\n<tr class=\"row-19 odd\">\n\t<td class=\"column-1\">16<\/td><td class=\"column-2\">Antoni Mierzwa<\/td><td class=\"column-3\">10<\/td>\n<\/tr>\n<tr class=\"row-20 even\">\n\t<td class=\"column-1\">16<\/td><td class=\"column-2\">Olga Szyma\u0144ska<\/td><td class=\"column-3\">10<\/td>\n<\/tr>\n<tr class=\"row-21 odd\">\n\t<td class=\"column-1\">16<\/td><td class=\"column-2\">Jakub Jonasz<\/td><td class=\"column-3\">10<\/td>\n<\/tr>\n<tr class=\"row-22 even\">\n\t<td class=\"column-1\">21<\/td><td class=\"column-2\">Kaja Robak<\/td><td class=\"column-3\">9<\/td>\n<\/tr>\n<tr class=\"row-23 odd\">\n\t<td class=\"column-1\">21<\/td><td class=\"column-2\">Hanna Jonasz<\/td><td class=\"column-3\">9<\/td>\n<\/tr>\n<tr class=\"row-24 even\">\n\t<td class=\"column-1\">21<\/td><td class=\"column-2\">Hanna Pik<\/td><td class=\"column-3\">9<\/td>\n<\/tr>\n<tr class=\"row-25 odd\">\n\t<td class=\"column-1\">24<\/td><td class=\"column-2\">Nazar Ishchenko<\/td><td class=\"column-3\">8<\/td>\n<\/tr>\n<tr class=\"row-26 even\">\n\t<td class=\"column-1\">24<\/td><td class=\"column-2\">Julia Doma\u0144ska<\/td><td class=\"column-3\">8<\/td>\n<\/tr>\n<tr class=\"row-27 odd\">\n\t<td class=\"column-1\">24<\/td><td class=\"column-2\">Oliwia Dro\u017cd\u017cyk<\/td><td class=\"column-3\">8<\/td>\n<\/tr>\n<tr class=\"row-28 even\">\n\t<td class=\"column-1\">27<\/td><td class=\"column-2\">Mateusz Najs<\/td><td class=\"column-3\">7<\/td>\n<\/tr>\n<tr class=\"row-29 odd\">\n\t<td class=\"column-1\">28<\/td><td class=\"column-2\">Szymon Paw\u0142asek<\/td><td class=\"column-3\">5<\/td>\n<\/tr>\n<tr class=\"row-30 even\">\n\t<td class=\"column-1\">29<\/td><td class=\"column-2\">Maksymilian Startek<\/td><td class=\"column-3\">4<\/td>\n<\/tr>\n<tr class=\"row-31 odd\">\n\t<td class=\"column-1\">30<\/td><td class=\"column-2\">Hanna Chabros<\/td><td class=\"column-3\">3<\/td>\n<\/tr>\n<tr class=\"row-32 even\">\n\t<td class=\"column-1\">31<\/td><td class=\"column-2\">Hanna Grodzka<\/td><td class=\"column-3\">2<\/td>\n<\/tr>\n<tr class=\"row-33 odd\">\n\t<td class=\"column-1\">32<\/td><td class=\"column-2\">Filip Dubiel<\/td><td class=\"column-3\">1<\/td>\n<\/tr>\n<\/tbody>\n<\/table>\n<!-- #tablepress-13 from cache -->","protected":false},"excerpt":{"rendered":"","protected":false},"author":3,"featured_media":0,"parent":137,"menu_order":0,"comment_status":"closed","ping_status":"closed","template":"","meta":{"footnotes":""},"class_list":["post-627","page","type-page","status-publish","hentry"],"yoast_head":"<!-- This site is optimized with the Yoast SEO plugin v23.2 - https:\/\/yoast.com\/wordpress\/plugins\/seo\/ -->\n<title>Letni Cykl Turniej\u00f3w 2025 klasyfikacja generalna - Sekcja Bryd\u017ca Sportowego<\/title>\n<meta name=\"robots\" content=\"index, follow, max-snippet:-1, max-image-preview:large, max-video-preview:-1\" \/>\n<link rel=\"canonical\" href=\"http:\/\/brydz.ananasy.eu\/index.php\/wyniki\/letni-cykl-turniejow-2025-klasyfikacja-generalna\/\" \/>\n<meta property=\"og:locale\" content=\"pl_PL\" \/>\n<meta property=\"og:type\" content=\"article\" \/>\n<meta property=\"og:title\" content=\"Letni Cykl Turniej\u00f3w 2025 klasyfikacja generalna - Sekcja Bryd\u017ca Sportowego\" \/>\n<meta property=\"og:url\" content=\"http:\/\/brydz.ananasy.eu\/index.php\/wyniki\/letni-cykl-turniejow-2025-klasyfikacja-generalna\/\" \/>\n<meta property=\"og:site_name\" content=\"Sekcja Bryd\u017ca Sportowego\" \/>\n<meta property=\"article:modified_time\" content=\"2025-06-22T21:45:07+00:00\" \/>\n<meta property=\"og:image\" content=\"http:\/\/brydz.ananasy.eu\/wp-content\/uploads\/2024\/09\/LUBLINIANKA-e1728831072420.png\" \/>\n\t<meta property=\"og:image:width\" content=\"163\" \/>\n\t<meta property=\"og:image:height\" content=\"198\" \/>\n\t<meta property=\"og:image:type\" content=\"image\/png\" \/>\n<meta name=\"twitter:card\" content=\"summary_large_image\" \/>\n<meta name=\"twitter:label1\" content=\"Szacowany czas czytania\" \/>\n\t<meta name=\"twitter:data1\" content=\"1 minuta\" \/>\n<script type=\"application\/ld+json\" class=\"yoast-schema-graph\">{\"@context\":\"https:\/\/schema.org\",\"@graph\":[{\"@type\":\"WebPage\",\"@id\":\"http:\/\/brydz.ananasy.eu\/index.php\/wyniki\/letni-cykl-turniejow-2025-klasyfikacja-generalna\/\",\"url\":\"http:\/\/brydz.ananasy.eu\/index.php\/wyniki\/letni-cykl-turniejow-2025-klasyfikacja-generalna\/\",\"name\":\"Letni Cykl Turniej\u00f3w 2025 klasyfikacja generalna - Sekcja Bryd\u017ca Sportowego\",\"isPartOf\":{\"@id\":\"http:\/\/brydz.ananasy.eu\/#website\"},\"datePublished\":\"2025-06-22T21:44:30+00:00\",\"dateModified\":\"2025-06-22T21:45:07+00:00\",\"breadcrumb\":{\"@id\":\"http:\/\/brydz.ananasy.eu\/index.php\/wyniki\/letni-cykl-turniejow-2025-klasyfikacja-generalna\/#breadcrumb\"},\"inLanguage\":\"pl-PL\",\"potentialAction\":[{\"@type\":\"ReadAction\",\"target\":[\"http:\/\/brydz.ananasy.eu\/index.php\/wyniki\/letni-cykl-turniejow-2025-klasyfikacja-generalna\/\"]}]},{\"@type\":\"BreadcrumbList\",\"@id\":\"http:\/\/brydz.ananasy.eu\/index.php\/wyniki\/letni-cykl-turniejow-2025-klasyfikacja-generalna\/#breadcrumb\",\"itemListElement\":[{\"@type\":\"ListItem\",\"position\":1,\"name\":\"Strona g\u0142\u00f3wna\",\"item\":\"http:\/\/brydz.ananasy.eu\/\"},{\"@type\":\"ListItem\",\"position\":2,\"name\":\"Wyniki\",\"item\":\"https:\/\/brydz.ananasy.eu\/index.php\/wyniki\/\"},{\"@type\":\"ListItem\",\"position\":3,\"name\":\"Letni Cykl Turniej\u00f3w 2025 klasyfikacja generalna\"}]},{\"@type\":\"WebSite\",\"@id\":\"http:\/\/brydz.ananasy.eu\/#website\",\"url\":\"http:\/\/brydz.ananasy.eu\/\",\"name\":\"Sekcja Bryd\u017ca Sportowego\",\"description\":\"Klub Sportowy Lublinianka\",\"publisher\":{\"@id\":\"http:\/\/brydz.ananasy.eu\/#organization\"},\"potentialAction\":[{\"@type\":\"SearchAction\",\"target\":{\"@type\":\"EntryPoint\",\"urlTemplate\":\"http:\/\/brydz.ananasy.eu\/?s={search_term_string}\"},\"query-input\":\"required name=search_term_string\"}],\"inLanguage\":\"pl-PL\"},{\"@type\":\"Organization\",\"@id\":\"http:\/\/brydz.ananasy.eu\/#organization\",\"name\":\"Sekcja Bryd\u017ca Sportowego KS Lublinianka\",\"url\":\"http:\/\/brydz.ananasy.eu\/\",\"logo\":{\"@type\":\"ImageObject\",\"inLanguage\":\"pl-PL\",\"@id\":\"http:\/\/brydz.ananasy.eu\/#\/schema\/logo\/image\/\",\"url\":\"http:\/\/brydz.ananasy.eu\/wp-content\/uploads\/2024\/09\/cropped-LUBLINIANKA-e1728831072420.png\",\"contentUrl\":\"http:\/\/brydz.ananasy.eu\/wp-content\/uploads\/2024\/09\/cropped-LUBLINIANKA-e1728831072420.png\",\"width\":512,\"height\":512,\"caption\":\"Sekcja Bryd\u017ca Sportowego KS Lublinianka\"},\"image\":{\"@id\":\"http:\/\/brydz.ananasy.eu\/#\/schema\/logo\/image\/\"}}]}<\/script>\n<!-- \/ Yoast SEO plugin. -->","yoast_head_json":{"title":"Letni Cykl Turniej\u00f3w 2025 klasyfikacja generalna - Sekcja Bryd\u017ca Sportowego","robots":{"index":"index","follow":"follow","max-snippet":"max-snippet:-1","max-image-preview":"max-image-preview:large","max-video-preview":"max-video-preview:-1"},"canonical":"http:\/\/brydz.ananasy.eu\/index.php\/wyniki\/letni-cykl-turniejow-2025-klasyfikacja-generalna\/","og_locale":"pl_PL","og_type":"article","og_title":"Letni Cykl Turniej\u00f3w 2025 klasyfikacja generalna - Sekcja Bryd\u017ca Sportowego","og_url":"http:\/\/brydz.ananasy.eu\/index.php\/wyniki\/letni-cykl-turniejow-2025-klasyfikacja-generalna\/","og_site_name":"Sekcja Bryd\u017ca Sportowego","article_modified_time":"2025-06-22T21:45:07+00:00","og_image":[{"width":163,"height":198,"url":"http:\/\/brydz.ananasy.eu\/wp-content\/uploads\/2024\/09\/LUBLINIANKA-e1728831072420.png","type":"image\/png"}],"twitter_card":"summary_large_image","twitter_misc":{"Szacowany czas czytania":"1 minuta"},"schema":{"@context":"https:\/\/schema.org","@graph":[{"@type":"WebPage","@id":"http:\/\/brydz.ananasy.eu\/index.php\/wyniki\/letni-cykl-turniejow-2025-klasyfikacja-generalna\/","url":"http:\/\/brydz.ananasy.eu\/index.php\/wyniki\/letni-cykl-turniejow-2025-klasyfikacja-generalna\/","name":"Letni Cykl Turniej\u00f3w 2025 klasyfikacja generalna - Sekcja Bryd\u017ca Sportowego","isPartOf":{"@id":"http:\/\/brydz.ananasy.eu\/#website"},"datePublished":"2025-06-22T21:44:30+00:00","dateModified":"2025-06-22T21:45:07+00:00","breadcrumb":{"@id":"http:\/\/brydz.ananasy.eu\/index.php\/wyniki\/letni-cykl-turniejow-2025-klasyfikacja-generalna\/#breadcrumb"},"inLanguage":"pl-PL","potentialAction":[{"@type":"ReadAction","target":["http:\/\/brydz.ananasy.eu\/index.php\/wyniki\/letni-cykl-turniejow-2025-klasyfikacja-generalna\/"]}]},{"@type":"BreadcrumbList","@id":"http:\/\/brydz.ananasy.eu\/index.php\/wyniki\/letni-cykl-turniejow-2025-klasyfikacja-generalna\/#breadcrumb","itemListElement":[{"@type":"ListItem","position":1,"name":"Strona g\u0142\u00f3wna","item":"http:\/\/brydz.ananasy.eu\/"},{"@type":"ListItem","position":2,"name":"Wyniki","item":"https:\/\/brydz.ananasy.eu\/index.php\/wyniki\/"},{"@type":"ListItem","position":3,"name":"Letni Cykl Turniej\u00f3w 2025 klasyfikacja generalna"}]},{"@type":"WebSite","@id":"http:\/\/brydz.ananasy.eu\/#website","url":"http:\/\/brydz.ananasy.eu\/","name":"Sekcja Bryd\u017ca Sportowego","description":"Klub Sportowy Lublinianka","publisher":{"@id":"http:\/\/brydz.ananasy.eu\/#organization"},"potentialAction":[{"@type":"SearchAction","target":{"@type":"EntryPoint","urlTemplate":"http:\/\/brydz.ananasy.eu\/?s={search_term_string}"},"query-input":"required name=search_term_string"}],"inLanguage":"pl-PL"},{"@type":"Organization","@id":"http:\/\/brydz.ananasy.eu\/#organization","name":"Sekcja Bryd\u017ca Sportowego KS Lublinianka","url":"http:\/\/brydz.ananasy.eu\/","logo":{"@type":"ImageObject","inLanguage":"pl-PL","@id":"http:\/\/brydz.ananasy.eu\/#\/schema\/logo\/image\/","url":"http:\/\/brydz.ananasy.eu\/wp-content\/uploads\/2024\/09\/cropped-LUBLINIANKA-e1728831072420.png","contentUrl":"http:\/\/brydz.ananasy.eu\/wp-content\/uploads\/2024\/09\/cropped-LUBLINIANKA-e1728831072420.png","width":512,"height":512,"caption":"Sekcja Bryd\u017ca Sportowego KS Lublinianka"},"image":{"@id":"http:\/\/brydz.ananasy.eu\/#\/schema\/logo\/image\/"}}]}},"_links":{"self":[{"href":"http:\/\/brydz.ananasy.eu\/index.php\/wp-json\/wp\/v2\/pages\/627"}],"collection":[{"href":"http:\/\/brydz.ananasy.eu\/index.php\/wp-json\/wp\/v2\/pages"}],"about":[{"href":"http:\/\/brydz.ananasy.eu\/index.php\/wp-json\/wp\/v2\/types\/page"}],"author":[{"embeddable":true,"href":"http:\/\/brydz.ananasy.eu\/index.php\/wp-json\/wp\/v2\/users\/3"}],"replies":[{"embeddable":true,"href":"http:\/\/brydz.ananasy.eu\/index.php\/wp-json\/wp\/v2\/comments?post=627"}],"version-history":[{"count":1,"href":"http:\/\/brydz.ananasy.eu\/index.php\/wp-json\/wp\/v2\/pages\/627\/revisions"}],"predecessor-version":[{"id":629,"href":"http:\/\/brydz.ananasy.eu\/index.php\/wp-json\/wp\/v2\/pages\/627\/revisions\/629"}],"up":[{"embeddable":true,"href":"http:\/\/brydz.ananasy.eu\/index.php\/wp-json\/wp\/v2\/pages\/137"}],"wp:attachment":[{"href":"http:\/\/brydz.ananasy.eu\/index.php\/wp-json\/wp\/v2\/media?parent=627"}],"curies":[{"name":"wp","href":"https:\/\/api.w.org\/{rel}","templated":true}]}}